{"id":344,"date":"2017-07-21T23:40:09","date_gmt":"2017-07-21T21:40:09","guid":{"rendered":"http:\/\/notabeneconseil.fr\/?page_id=344"},"modified":"2017-07-30T15:56:16","modified_gmt":"2017-07-30T13:56:16","slug":"accompagnement-methodologique","status":"publish","type":"page","link":"https:\/\/notabeneconseil.fr\/index.php\/accompagnements\/accompagnement-methodologique\/","title":{"rendered":"Accompagnement m\u00e9thodologique"},"content":{"rendered":"<p><strong>Soutiens\u00a0m\u00e9thodologiques\u00a0aux \u00e9crits professionnels<\/strong><\/p>\n<p>N&rsquo;h\u00e9sitez pas \u00e0 nous contacter pour \u00e9valuer ensemble vos besoins (\u00e9valuation personnalis\u00e9e)<\/p>\n","protected":false},"excerpt":{"rendered":"<p>Soutiens\u00a0m\u00e9thodologiques\u00a0aux \u00e9crits professionnels N&rsquo;h\u00e9sitez pas \u00e0 nous contacter pour \u00e9valuer ensemble vos besoins (\u00e9valuation personnalis\u00e9e)<\/p>\n","protected":false},"author":2,"featured_media":363,"parent":211,"menu_order":0,"comment_status":"closed","ping_status":"closed","template":"","meta":{"footnotes":""},"_links":{"self":[{"href":"https:\/\/notabeneconseil.fr\/index.php\/wp-json\/wp\/v2\/pages\/344"}],"collection":[{"href":"https:\/\/notabeneconseil.fr\/index.php\/wp-json\/wp\/v2\/pages"}],"about":[{"href":"https:\/\/notabeneconseil.fr\/index.php\/wp-json\/wp\/v2\/types\/page"}],"author":[{"embeddable":true,"href":"https:\/\/notabeneconseil.fr\/index.php\/wp-json\/wp\/v2\/users\/2"}],"replies":[{"embeddable":true,"href":"https:\/\/notabeneconseil.fr\/index.php\/wp-json\/wp\/v2\/comments?post=344"}],"version-history":[{"count":4,"href":"https:\/\/notabeneconseil.fr\/index.php\/wp-json\/wp\/v2\/pages\/344\/revisions"}],"predecessor-version":[{"id":385,"href":"https:\/\/notabeneconseil.fr\/index.php\/wp-json\/wp\/v2\/pages\/344\/revisions\/385"}],"up":[{"embeddable":true,"href":"https:\/\/notabeneconseil.fr\/index.php\/wp-json\/wp\/v2\/pages\/211"}],"wp:featuredmedia":[{"embeddable":true,"href":"https:\/\/notabeneconseil.fr\/index.php\/wp-json\/wp\/v2\/media\/363"}],"wp:attachment":[{"href":"https:\/\/notabeneconseil.fr\/index.php\/wp-json\/wp\/v2\/media?parent=344"}],"curies":[{"name":"wp","href":"https:\/\/api.w.org\/{rel}","templated":true}]}}