{"id":342,"date":"2017-07-21T23:39:41","date_gmt":"2017-07-21T21:39:41","guid":{"rendered":"http:\/\/notabeneconseil.fr\/?page_id=342"},"modified":"2017-07-24T17:52:09","modified_gmt":"2017-07-24T15:52:09","slug":"accompagnement-aux-examens-de-selection","status":"publish","type":"page","link":"https:\/\/notabeneconseil.fr\/index.php\/accompagnements\/accompagnement-aux-examens-de-selection\/","title":{"rendered":"Accompagnement aux examens de s\u00e9lection"},"content":{"rendered":"<p><strong>EXAMENS DE SELECTION<\/strong><a id=\"Examens\"><\/a><\/p>\n<p><strong>ASS<\/strong> (assistant de service social),<br \/>\n<strong>ES<\/strong> (\u00e9ducateur sp\u00e9cialis\u00e9),<br \/>\n<strong>EJE<\/strong> (\u00e9ducateur de jeunes enfants),<br \/>\n<strong>ETS<\/strong> (\u00c9ducateur techniques sp\u00e9cialis\u00e9),<br \/>\n<strong>ME<\/strong> (moniteur \u00e9ducateur)<br \/>\n<strong>TISF<\/strong> (technicien de l&rsquo;intervention sociale et familiale)<br \/>\n<strong>AES<\/strong> (Accompagnant \u00c9ducatif et Social) fusionne les dipl\u00f4mes AMP et AVS.<br \/>\nObjectifs:<br \/>\n-Am\u00e9liorer l\u2019expression orale, r\u00e9actualiser les acquis m\u00e9thodologiques ant\u00e9rieurs et d\u00e9velopper les connaissances.<br \/>\n-D\u00e9velopper les techniques de communication orale et d\u2019entretien devant jury.<br \/>\n-D\u00e9velopper la connaissance du secteur professionnel et du m\u00e9tier.<br \/>\n-Clarifier son projet professionnel dans le travail social<br \/>\n-D\u00e9velopper ses capacit\u00e9s \u00e0 orales<\/p>\n<p><a id=\"orales\"><\/a>Nous pr\u00e9parons \u00e9galement aux \u00e9preuves orales du <strong>CAFDESIS<\/strong> et du <strong>CAFERUIS<\/strong><br \/>\nObjectifs:<br \/>\n-R\u00e9flexion sur le projet professionnel<br \/>\n-Evaluer les motivations, la mise en perspective du parcours professionnel et de formation<br \/>\n-Repr\u00e9sentation de la fonction de cadre du candidat (direction, direction adjointe, cadre interm\u00e9diaire selon les \u00e9preuves)<\/p>\n<p><strong>Ces pr\u00e9parations peuvent durer entre entre 10 et 30h selon les fili\u00e8res et les candidats.<\/strong><\/p>\n","protected":false},"excerpt":{"rendered":"<p>EXAMENS DE SELECTION ASS (assistant de service social), ES (\u00e9ducateur sp\u00e9cialis\u00e9), EJE (\u00e9ducateur de jeunes enfants), ETS (\u00c9ducateur techniques sp\u00e9cialis\u00e9), ME (moniteur \u00e9ducateur) TISF (technicien de l&rsquo;intervention sociale et familiale) AES (Accompagnant \u00c9ducatif et Social) fusionne les dipl\u00f4mes AMP et AVS. Objectifs: -Am\u00e9liorer l\u2019expression orale, r\u00e9actualiser les acquis m\u00e9thodologiques ant\u00e9rieurs et d\u00e9velopper les connaissances. -D\u00e9velopper [&hellip;]<\/p>\n","protected":false},"author":2,"featured_media":373,"parent":211,"menu_order":0,"comment_status":"closed","ping_status":"closed","template":"","meta":{"footnotes":""},"_links":{"self":[{"href":"https:\/\/notabeneconseil.fr\/index.php\/wp-json\/wp\/v2\/pages\/342"}],"collection":[{"href":"https:\/\/notabeneconseil.fr\/index.php\/wp-json\/wp\/v2\/pages"}],"about":[{"href":"https:\/\/notabeneconseil.fr\/index.php\/wp-json\/wp\/v2\/types\/page"}],"author":[{"embeddable":true,"href":"https:\/\/notabeneconseil.fr\/index.php\/wp-json\/wp\/v2\/users\/2"}],"replies":[{"embeddable":true,"href":"https:\/\/notabeneconseil.fr\/index.php\/wp-json\/wp\/v2\/comments?post=342"}],"version-history":[{"count":2,"href":"https:\/\/notabeneconseil.fr\/index.php\/wp-json\/wp\/v2\/pages\/342\/revisions"}],"predecessor-version":[{"id":374,"href":"https:\/\/notabeneconseil.fr\/index.php\/wp-json\/wp\/v2\/pages\/342\/revisions\/374"}],"up":[{"embeddable":true,"href":"https:\/\/notabeneconseil.fr\/index.php\/wp-json\/wp\/v2\/pages\/211"}],"wp:featuredmedia":[{"embeddable":true,"href":"https:\/\/notabeneconseil.fr\/index.php\/wp-json\/wp\/v2\/media\/373"}],"wp:attachment":[{"href":"https:\/\/notabeneconseil.fr\/index.php\/wp-json\/wp\/v2\/media?parent=342"}],"curies":[{"name":"wp","href":"https:\/\/api.w.org\/{rel}","templated":true}]}}