{"id":209,"date":"2017-06-24T23:56:12","date_gmt":"2017-06-24T21:56:12","guid":{"rendered":"http:\/\/notabeneconseil.fr\/?page_id=209"},"modified":"2017-07-21T23:04:08","modified_gmt":"2017-07-21T21:04:08","slug":"formations","status":"publish","type":"page","link":"https:\/\/notabeneconseil.fr\/index.php\/formations\/","title":{"rendered":"Mes formations"},"content":{"rendered":"<ul>\n<li>La notion de polyhandicap, son histoire et les repr\u00e9sentations qui lui sont li\u00e9es<\/li>\n<li>La notion de handicaps, son histoire et les repr\u00e9sentations qui lui sont li\u00e9es<\/li>\n<li>L\u2019accompagnement des personnes malades d\u2019Alzheimer (R\u00e9f\u00e9rence \u00e0 l\u2019approche Carpe Diem)<\/li>\n<li>La qualit\u00e9 de vie en EHPAD<\/li>\n<li>L\u2019accompagnement des personnes handicap\u00e9es<\/li>\n<li>L\u2019accompagnement des personnes handicap\u00e9es vieillissantes<\/li>\n<li>Handicaps, Empowerment et r\u00e9silience<\/li>\n<li>Intervention organis\u00e9e en urgence pour apporter \u00e9coute, soutien et aide aux\u00a0\u00e9quipes confront\u00e9es \u00e0 des situations humainement difficiles ou traumatiques<\/li>\n<li>Communication dans le travail d\u2019\u00e9quipe<\/li>\n<li>D\u00e9marche et m\u00e9thodologie de projet (Associatif, d\u2019\u00e9tablissement, de service, projet d\u2019accompagnement des personnes \u00ab\u00a0projet personnalis\u00e9\u00a0\u00bb)<\/li>\n<li>D\u00e9marche de diagnostic<\/li>\n<li>Concevoir et conduire un projet d\u2019\u00e9tablissement ou de service<\/li>\n<li>D\u00e9marche et m\u00e9thodologie du diagnostic dans l\u2019intervention sociale et m\u00e9dicosociale<\/li>\n<li>La dynamique partenariale institutionnelle et interinstitutionnelle, partenariats et r\u00e9seaux<\/li>\n<li>L\u2019organisation d\u2019un service, le r\u00f4le et la fonction du cadre interm\u00e9diaire, le management de proximit\u00e9<\/li>\n<li>Le processus de professionnalisation, devenir un travailleur social aujourd\u2019hui<\/li>\n<li>Aide au recrutement de personnel<\/li>\n<li>Aide, soutien m\u00e9thodologique et organisationnel \u00e0 la prise de fonction de direction et d\u2019encadrement interm\u00e9diaire<\/li>\n<li>La fonction de direction et de cadre, pour l\u2019appui aux prises de d\u00e9cision en situation complexe<\/li>\n<li>Les valeurs de l\u2019encadrement<\/li>\n<li>Formations en lien avec les recommandations de bonnes pratiques professionnelles (r\u00e9f\u00e9rence ANESM)<\/li>\n<li>Formation \u00e0 la pr\u00e9paration des s\u00e9lections \u00e0 l\u2019entr\u00e9e en formation (toutes formations aux m\u00e9tiers du social et m\u00e9dicosocial)<\/li>\n<li>Accompagnement et soutien m\u00e9thodologique pour la r\u00e9alisation de m\u00e9moires professionnels<\/li>\n<\/ul>\n","protected":false},"excerpt":{"rendered":"<p>La notion de polyhandicap, son histoire et les repr\u00e9sentations qui lui sont li\u00e9es La notion de handicaps, son histoire et les repr\u00e9sentations qui lui sont li\u00e9es L\u2019accompagnement des personnes malades d\u2019Alzheimer (R\u00e9f\u00e9rence \u00e0 l\u2019approche Carpe Diem) La qualit\u00e9 de vie en EHPAD L\u2019accompagnement des personnes handicap\u00e9es L\u2019accompagnement des personnes handicap\u00e9es vieillissantes Handicaps, Empowerment et r\u00e9silience [&hellip;]<\/p>\n","protected":false},"author":2,"featured_media":0,"parent":0,"menu_order":0,"comment_status":"closed","ping_status":"closed","template":"","meta":{"footnotes":""},"_links":{"self":[{"href":"https:\/\/notabeneconseil.fr\/index.php\/wp-json\/wp\/v2\/pages\/209"}],"collection":[{"href":"https:\/\/notabeneconseil.fr\/index.php\/wp-json\/wp\/v2\/pages"}],"about":[{"href":"https:\/\/notabeneconseil.fr\/index.php\/wp-json\/wp\/v2\/types\/page"}],"author":[{"embeddable":true,"href":"https:\/\/notabeneconseil.fr\/index.php\/wp-json\/wp\/v2\/users\/2"}],"replies":[{"embeddable":true,"href":"https:\/\/notabeneconseil.fr\/index.php\/wp-json\/wp\/v2\/comments?post=209"}],"version-history":[{"count":4,"href":"https:\/\/notabeneconseil.fr\/index.php\/wp-json\/wp\/v2\/pages\/209\/revisions"}],"predecessor-version":[{"id":334,"href":"https:\/\/notabeneconseil.fr\/index.php\/wp-json\/wp\/v2\/pages\/209\/revisions\/334"}],"wp:attachment":[{"href":"https:\/\/notabeneconseil.fr\/index.php\/wp-json\/wp\/v2\/media?parent=209"}],"curies":[{"name":"wp","href":"https:\/\/api.w.org\/{rel}","templated":true}]}}